{"id":4476,"date":"2018-09-16T11:38:15","date_gmt":"2018-09-16T09:38:15","guid":{"rendered":"http:\/\/www.das-anh\u00e4ngerzentrum.at\/?post_type=product&#038;p=4476"},"modified":"2026-04-07T13:32:01","modified_gmt":"2026-04-07T11:32:01","slug":"hk-133015-18p-hk-153015-18p-einachser-plywood-raeder-aussen-holzdach","status":"publish","type":"product","link":"https:\/\/www.xn--das-anhngerzentrum-rtb.at\/sl\/shop\/hk-133015-18p-hk-153015-18p-enoosna-vezana-kolesa-zunanja-lesena-streha\/","title":{"rendered":"HK 133015-18P in HK 153015-18P Humbaur FlexZurr | Prikolica s kesonom, enojna os, vezana plo\u0161\u010da, \u2022"},"content":{"rendered":"<div class=\"product-list-headline\">\n<div class=\"col-sm-4\">\n<p>Postanite ponosni lastnik prikolice \u0161e danes!<\/p>\n<p><strong>Dostavljamo po vsej Avstriji! Va\u0161 stari avto bomo zamenjali! Mo\u017enost priro\u010dnega delnega ali obro\u010dnega pla\u010dila!<\/strong><\/p>\n<\/div>\n<\/div>\n<div class=\"col-sm-8\">\n<div class=\"box gray-dark product-equipment\">\n<p><strong>Osnovna oprema kot standard kakovosti \u2013 tukaj si lahko ogledate svoje prednosti<\/strong><\/p>\n<ul>\n<li class=\"pdf-datasheet\" data-name=\"equipment[]\">V-vle\u010dna kljuka, vro\u010de pocinkana<\/li>\n<li class=\"pdf-datasheet\" data-name=\"equipment[]\">13-pinski konektor in vzvratna lu\u010d (brez vzvratne lu\u010di za HK 752513-15P)<\/li>\n<li class=\"pdf-datasheet\" data-name=\"equipment[]\">Osnovna plo\u0161\u010da debeline 15 mm<\/li>\n<li class=\"pdf-datasheet\" data-name=\"equipment[]\">Stranske stene in streha iz ve\u010dplastnega lesa, debeline 15 mm, z UV-odporno plasti\u010dno prevleko<\/li>\n<li class=\"pdf-datasheet\" data-name=\"equipment[]\">Notranja lu\u010d name\u0161\u010dena<\/li>\n<li class=\"pdf-datasheet\" data-name=\"equipment[]\">Enokrilna zadnja vrata pri HKxx2513, dvokrilna zadnja vrata pri HKxx3015<\/li>\n<li class=\"pdf-datasheet\" data-name=\"equipment[]\">Vrtljiva klju\u010davnica in te\u010daji pocinkani<\/li>\n<li class=\"pdf-datasheet\" data-name=\"equipment[]\">6 pritrdilnih obro\u010dev v profilu okvirja, natezna trdnost 400 kg na pritrdilni obro\u010d, preizku\u0161eno s strani Dekra<\/li>\n<li class=\"pdf-datasheet\" data-name=\"equipment[]\">podporno kolo<\/li>\n<\/ul>\n<p>&nbsp;<\/p>\n<p><strong>Na voljo tudi druge razli\u010dice in modeli!<\/strong><\/p>\n<p>&nbsp;<\/p>\n<p>Na stotine prikolic na zalogi in takoj dobavljivih!<\/p>\n<p><strong>V na\u0161 24-urni razstavni salon prikolic lahko vstopite kadar koli od ponedeljka do nedelje.<\/strong><\/p>\n<p>&nbsp;<\/p>\n<p><em>Radi imamo navija\u010de!<\/em><\/p>\n<p><strong>Vse informacije so podane brez jamstva. Pridr\u017eujemo si pravico do sprememb, napak in tipografskih napak.<br data-start=\"290\" data-end=\"293\" \/>Navedene cene veljajo za artikle na zalogi ali standardne izvedbe. Izrecno si pridr\u017eujemo pravico do spremembe cen za nova naro\u010dila.<br data-start=\"424\" data-end=\"427\" \/>Vse cene so v evrih in veljajo za Avstrijo, vklju\u010dno z DDV ali brez njega.<br \/>\nCene se lahko v drugih dr\u017eavah razlikujejo zaradi razli\u010dnih dav\u010dnih stopenj ali stro\u0161kov po\u0161iljanja. Prikazani izdelki so zgolj ilustrativne narave in so simboli\u010dne slike.<br \/>\nDejanski izdelek se lahko razlikuje po lastnostih, barvi, obliki ali dizajnu. Prikazane pnevmatike, plati\u0161\u010da ali dodatna oprema niso zavezujo\u010de in se lahko razlikujejo od obsega dobave.<\/strong><\/p>\n<\/div>\n<\/div>","protected":false},"excerpt":{"rendered":"<p>Na\u0161a enoosna prikolica se pona\u0161a z maksimalno stabilnostjo: vro\u010de pocinkana jeklena \u0161asija, plasti\u010dna tesnila vrat in robustne oja\u010ditve na strehi in sprednji steni \u2013 ta prikolica je zgrajena za dolgo \u017eivljenjsko dobo. Integriran sistem pritrditve pritrdi tovor v notranjosti. Lu\u010d zagotavlja obilno osvetlitev, ki zagotavlja zanesljiv in nepo\u0161kodovan prihod va\u0161ega blaga. Popoln ogla\u0161evalski medij: Za dopla\u010dilo lahko na stranske plo\u0161\u010de prikolice namestimo va\u0161e individualno ogla\u0161evalsko sporo\u010dilo. To vam bo koristilo \u0161e vrsto let.<\/p>","protected":false},"featured_media":566829,"template":"","meta":{"_acf_changed":false},"product_brand":[],"product_cat":[181,233,38],"product_tag":[18,213,212],"class_list":{"0":"post-4476","1":"product","2":"type-product","3":"status-publish","4":"has-post-thumbnail","6":"product_cat-check-plywood-1-achser","7":"product_cat-humbaur","8":"product_cat-kofferanhaenger","9":"product_tag-1-achser","10":"product_tag-humbaur","11":"product_tag-kofferanhaenger","13":"first","14":"instock","15":"sale","16":"taxable","17":"shipping-taxable","18":"purchasable","19":"product-type-variable"},"acf":[],"_links":{"self":[{"href":"https:\/\/www.xn--das-anhngerzentrum-rtb.at\/sl\/wp-json\/wp\/v2\/product\/4476","targetHints":{"allow":["GET"]}}],"collection":[{"href":"https:\/\/www.xn--das-anhngerzentrum-rtb.at\/sl\/wp-json\/wp\/v2\/product"}],"about":[{"href":"https:\/\/www.xn--das-anhngerzentrum-rtb.at\/sl\/wp-json\/wp\/v2\/types\/product"}],"version-history":[{"count":0,"href":"https:\/\/www.xn--das-anhngerzentrum-rtb.at\/sl\/wp-json\/wp\/v2\/product\/4476\/revisions"}],"wp:featuredmedia":[{"embeddable":true,"href":"https:\/\/www.xn--das-anhngerzentrum-rtb.at\/sl\/wp-json\/wp\/v2\/media\/566829"}],"wp:attachment":[{"href":"https:\/\/www.xn--das-anhngerzentrum-rtb.at\/sl\/wp-json\/wp\/v2\/media?parent=4476"}],"wp:term":[{"taxonomy":"product_brand","embeddable":true,"href":"https:\/\/www.xn--das-anhngerzentrum-rtb.at\/sl\/wp-json\/wp\/v2\/product_brand?post=4476"},{"taxonomy":"product_cat","embeddable":true,"href":"https:\/\/www.xn--das-anhngerzentrum-rtb.at\/sl\/wp-json\/wp\/v2\/product_cat?post=4476"},{"taxonomy":"product_tag","embeddable":true,"href":"https:\/\/www.xn--das-anhngerzentrum-rtb.at\/sl\/wp-json\/wp\/v2\/product_tag?post=4476"}],"curies":[{"name":"delovni list","href":"https:\/\/api.w.org\/{rel}","templated":true}]}}