{"id":77013,"date":"2022-10-03T11:02:29","date_gmt":"2022-10-03T09:02:29","guid":{"rendered":"https:\/\/www.xn--das-anhngerzentrum-rtb.at\/?post_type=product&#038;p=77013"},"modified":"2023-03-07T14:34:21","modified_gmt":"2023-03-07T13:34:21","slug":"humbaur-partyanhaenger-ha-132513-k-1300-kg-kippbar-kastenanhaenger-mietanhaenger-biergarnitur-teufelbox-stehtische","status":"publish","type":"product","link":"https:\/\/www.xn--das-anhngerzentrum-rtb.at\/sl\/shop\/prikolica-za-zabave-humbaur-ha-132513-k-1300-kg-prikolica-s-prekucnikom-prikolica-za-najem-komplet-za-pivski-vrt-stojece-mize-teufelbox\/","title":{"rendered":"Najem prikolice za zabave HA 132513 K, 1300 kg, prekucnik, zabojnik, prikolica za najem, komplet pivskega vrta, zvo\u010dni\u0161ki sistem, stoje\u010de mize,"},"content":{"rendered":"<div class=\"product-details-techdetails product-infos\">\n<p>&nbsp;<\/p>\n<p>&nbsp;<\/p>\n<p class=\"mod_bakery_item_title_f\"><strong>oprema<\/strong><\/p>\n<ul>\n<li>V-vle\u010dna kljuka, vro\u010de pocinkana<\/li>\n<li>13-pinski konektor, vzvratna lu\u010d od 751 kg dovoljene skupne te\u017ee<\/li>\n<li>Osnovna plo\u0161\u010da debeline 15 mm<\/li>\n<li>Stranske omarice iz eloksiranega, dvostenskega aluminija<\/li>\n<li>Loputa z vdolbljenimi zapahi<\/li>\n<li>\u0160est pritrdilnih obro\u010dev, integriranih v stranske stene, natezna trdnost 400 kg na pritrdilni obro\u010d, preizku\u0161eno s strani Dekra<\/li>\n<li>Most z amortizerjem za nagibanje<\/li>\n<li>Zadnji kot nagiba 18\u00b0<\/li>\n<li>Oja\u010dana zadnja vrata in oja\u010dana za\u0161\u010dita pred podvozjem pri modelu HA132513 do najve\u010d 500 kg<\/li>\n<li>Humbaurjeva ve\u010dfunkcijska osvetlitev, integrirana v za\u0161\u010dito podvozja<\/li>\n<\/ul>\n<p><span style=\"font-size: 14pt; color: #ff0000;\"><strong>Prikolico\/kontejner je treba vrniti \u010disto, sicer se zara\u010duna stro\u0161ek \u010di\u0161\u010denja v vi\u0161ini 95 \u20ac.<\/strong><\/span><\/p>\n<p class=\"mod_bakery_item_title_f\"><strong>Tehni\u010dni podatki<\/strong><\/p>\n<p class=\"mod_bakery_item_title_f\">Tip enoosne prikolice<br \/>\nAluminijasta konstrukcija<br \/>\nTe\u017ea 254 kg<br \/>\nSkupna te\u017ea 1.300 kg<br \/>\nNosilnost 1.046 kg<br \/>\nNotranja dol\u017eina 2.510 mm<br \/>\nSkupna dol\u017eina 3.795 mm<br \/>\nNotranja \u0161irina 1.310 mm<br \/>\nSkupna \u0161irina 1.800 mm<br \/>\nNotranja vi\u0161ina 350 mm<br \/>\nCelotna vi\u0161ina 915 mm<br \/>\nVi\u0161ina nakladanja 565 mm<br \/>\n14-pal\u010dne pnevmatike<\/p>\n<\/div>\n<h2><\/h2>\n<div class=\"product-details-techdetails product-infos\">\n<div class=\"elementor-element elementor-element-23dfcb49 elementor-widget elementor-widget-heading\" data-id=\"23dfcb49\" data-element_type=\"widget\" data-widget_type=\"heading.default\">\n<div class=\"elementor-widget-container\">\n<h2 class=\"elementor-heading-title elementor-size-default\">Kategorija 4 \u2013 Posebne prikolice za najem:<\/h2>\n<\/div>\n<\/div>\n<div class=\"elementor-element elementor-element-3f82f546 elementor-widget elementor-widget-text-editor\" data-id=\"3f82f546\" data-element_type=\"widget\" data-widget_type=\"text-editor.default\">\n<div class=\"elementor-widget-container\">\n<div class=\"elementor-text-editor elementor-clearfix\">\n<ul>\n<li><strong>Dnevna cena najema<\/strong> 99,00 \u20ac z DDV.<\/li>\n<li>Cena najema za vikend (petek \u2013 ponedeljek) 230,00 \u20ac z DDV.<\/li>\n<li>Tedenska cena najema 330,00 \u20ac z DDV.<\/li>\n<li>Mese\u010dna najemnina 565,00 \u20ac z DDV.<\/li>\n<\/ul>\n<p><strong>Prikolica za zabavo<\/strong><\/p>\n<p><strong>V ceno so vklju\u010deni<\/strong><\/p>\n<ul>\n<li>5 x vrtni seti za pribli\u017eno 50 oseb<\/li>\n<li>2 x stoje\u010di mizi<\/li>\n<li>1 x Teufel zvo\u010dna \u0161katla<\/li>\n<li>2 x LED lu\u010dki za zabavo<\/li>\n<\/ul>\n<p>&nbsp;<\/p>\n<\/div>\n<\/div>\n<p>&nbsp;<\/p>\n<p>Vse informacije so podane brez jamstva in so predmet napak, tiskarskih napak in tipkarskih napak.<\/p>\n<\/div>\n<\/div>","protected":false},"excerpt":{"rendered":"<p><span class=\"mod_bakery_item_full_desc_f\">\u00a0<\/span><\/p>","protected":false},"featured_media":77640,"template":"","meta":{"_acf_changed":false},"product_brand":[],"product_cat":[169,1254],"product_tag":[18,219],"class_list":{"0":"post-77013","1":"product","2":"type-product","3":"status-publish","4":"has-post-thumbnail","6":"product_cat-anhaenger-zu-mieten","7":"product_cat-vermietung-anhaenger","8":"product_tag-1-achser","9":"product_tag-mietanhaenger","11":"first","12":"instock","13":"taxable","14":"shipping-taxable","15":"purchasable","16":"product-type-simple"},"acf":[],"_links":{"self":[{"href":"https:\/\/www.xn--das-anhngerzentrum-rtb.at\/sl\/wp-json\/wp\/v2\/product\/77013","targetHints":{"allow":["GET"]}}],"collection":[{"href":"https:\/\/www.xn--das-anhngerzentrum-rtb.at\/sl\/wp-json\/wp\/v2\/product"}],"about":[{"href":"https:\/\/www.xn--das-anhngerzentrum-rtb.at\/sl\/wp-json\/wp\/v2\/types\/product"}],"version-history":[{"count":0,"href":"https:\/\/www.xn--das-anhngerzentrum-rtb.at\/sl\/wp-json\/wp\/v2\/product\/77013\/revisions"}],"wp:featuredmedia":[{"embeddable":true,"href":"https:\/\/www.xn--das-anhngerzentrum-rtb.at\/sl\/wp-json\/wp\/v2\/media\/77640"}],"wp:attachment":[{"href":"https:\/\/www.xn--das-anhngerzentrum-rtb.at\/sl\/wp-json\/wp\/v2\/media?parent=77013"}],"wp:term":[{"taxonomy":"product_brand","embeddable":true,"href":"https:\/\/www.xn--das-anhngerzentrum-rtb.at\/sl\/wp-json\/wp\/v2\/product_brand?post=77013"},{"taxonomy":"product_cat","embeddable":true,"href":"https:\/\/www.xn--das-anhngerzentrum-rtb.at\/sl\/wp-json\/wp\/v2\/product_cat?post=77013"},{"taxonomy":"product_tag","embeddable":true,"href":"https:\/\/www.xn--das-anhngerzentrum-rtb.at\/sl\/wp-json\/wp\/v2\/product_tag?post=77013"}],"curies":[{"name":"delovni list","href":"https:\/\/api.w.org\/{rel}","templated":true}]}}