{"id":85481,"date":"2023-02-20T10:54:27","date_gmt":"2023-02-20T09:54:27","guid":{"rendered":"https:\/\/www.xn--das-anhngerzentrum-rtb.at\/?post_type=product&#038;p=85481"},"modified":"2025-01-20T15:15:31","modified_gmt":"2025-01-20T14:15:31","slug":"geschuetzte-werkstaette-we-3sk-h-250-165-gt-250x165x40-cm-2000kg-dreiseitenkipper-handpumpe-%f0%9f%90%9d","status":"publish","type":"product","link":"https:\/\/www.xn--das-anhngerzentrum-rtb.at\/sl\/shop\/zascitena-delavnica-we-3sk-h-250-165-gt-250x165x40-cm-2000-kg-trostranska-prekucna-rocna-crpalka\/","title":{"rendered":"Za\u0161\u010ditena delavnica, WE 3SK-H 250\/165 GT, 250x165x40 cm 2000 kg, tristranski prekucnik, ro\u010dna \u010drpalka #"},"content":{"rendered":"<p>Postanite ponosni lastnik prikolice \u0161e danes!<\/p>\n<p><strong>Dostavljamo po vsej Avstriji! Va\u0161 stari avto bomo zamenjali! Mo\u017enost priro\u010dnega delnega ali obro\u010dnega pla\u010dila!<\/strong><\/p>\n<p><strong><u>Prednosti prikolice GW<\/u><\/strong><\/p>\n<ul>\n<li>Avtomobilska prikolica 100% avstrijske proizvodnje.<\/li>\n<li>Konstrukcija iz pocinkanih jeklenih plo\u010devin s premazom proti prstnim odtisom na kovi\u010denih delih.<\/li>\n<li>Prikolice iz varjene serije so vro\u010de pocinkane in pasivizirane.<\/li>\n<li>Lesena tla izdelana izklju\u010dno iz visokokakovostne evropske breze, ve\u010dplastna, vodoodporna in nedrse\u010da.<\/li>\n<li>Podlaga za sitotisk 15 mm.<\/li>\n<li>Vle\u010dna kljuka, ki se razteza nazaj, pove\u010da stabilnost lahke prikolice.<\/li>\n<li>Uporaba zakovic iz nerjave\u010dega jekla.<\/li>\n<li>Asimetri\u010dni trakovi za la\u017ejo pritrditev zadnje plo\u0161\u010de na vseh prikolicah in sprednje plo\u0161\u010de varjenih prikolic.<\/li>\n<li>Konstrukcijo povezujejo masivni aluminijasti profili.<\/li>\n<li>Enostavna monta\u017ea ogrodja ponjave z uporabo sistema vstavkov.<\/li>\n<li>Varjene osi s \u0161iroko le\u017eajno povr\u0161ino in oja\u010ditvijo s sti\u010dno plo\u0161\u010do v seriji brez zavor.<\/li>\n<li>Visoka gladkost delovanja, optimalne lastnosti vle\u010denja.<\/li>\n<li>Kompaktni le\u017eaji brez vzdr\u017eevanja za nezavorne izvedbe.<\/li>\n<li>Na voljo so \u0161tevilne mo\u017enosti monta\u017ee in dodatki (aluminijasti pokrovi, podalj\u0161ke, ponjave itd.).<\/li>\n<\/ul>\n<p>&nbsp;<\/p>\n<p>&nbsp;<\/p>\n<p><strong>Na voljo tudi druge razli\u010dice in modeli!<\/strong><\/p>\n<p>&nbsp;<\/p>\n<p>Na stotine prikolic na zalogi in takoj dobavljivih!<\/p>\n<p><strong>V na\u0161 24-urni razstavni salon prikolic lahko vstopite kadar koli od ponedeljka do nedelje.<\/strong><\/p>\n<p>&nbsp;<\/p>\n<p><em>Radi imamo navija\u010de!<\/em><\/p>\n<p><strong>Vse informacije so podane brez jamstva in so predmet napak, tiskarskih napak in tipkarskih napak. <\/strong><strong><br \/>\nPrikazane cene veljajo za artikle na zalogi; pri novih naro\u010dilih se cene lahko spremenijo.<br \/>\nFotografije izdelka so na zalogi; dejanski izdelek se lahko razlikuje od slike.<\/strong><br \/>\n<strong>Monta\u017ea ponjave ni vklju\u010dena v ceno in se razlikuje glede na velikost prikolice in vrsto ponjave.<br \/>\nNa voljo v razli\u010dnih barvah!<\/strong><\/p>\n<p>&nbsp;<\/p>","protected":false},"excerpt":{"rendered":"<p>Za\u0161\u010ditena delavnica v Dunajskem Novem mestu ponuja \u0161tiri standardizirane kakovostne linije za avtomobilske prikolice in nizke priklopnike. Na voljo so v razli\u010dicah z zavoro in brez nje.<br \/>\nPoseben poudarek dajemo na natan\u010dno izdelavo in tehni\u010dno visokokakovostno izvedbo.<br \/>\nTe cilje dosegamo z dolgoletnimi izku\u0161njami, visoko usposobljenim osebjem in odli\u010dnimi stroji.<\/p>\n<p>Na\u0161e avtomobilske prikolice imajo homologacijo Euro in jih je mogo\u010de registrirati po vsej EU. Te\u017eke avtomobilske prikolice je mogo\u010de registrirati s te\u017eo do 40% manj\u0161o od najve\u010dje dovoljene bruto te\u017ee. Vendar pa registracija pod 750 kg bruto te\u017ee ni priporo\u010dljiva.<\/p>\n<p>&nbsp;<\/p>","protected":false},"featured_media":95317,"template":"","meta":{"_acf_changed":false},"product_brand":[],"product_cat":[1220,284,24,286],"product_tag":[277,199,228,1402,237,264,1801],"class_list":{"0":"post-85481","1":"product","2":"type-product","3":"status-publish","4":"has-post-thumbnail","6":"product_cat-3-seitenkipper","7":"product_cat-geschuetzte-werkstaette-anhaenger","8":"product_cat-hochlader","9":"product_cat-plateauanhaenger","10":"product_tag-3skipper","11":"product_tag-dreiseitenkipper","12":"product_tag-gebremst","13":"product_tag-geschuetzte-werkstaette","14":"product_tag-kipper","15":"product_tag-tandem","16":"product_tag-zweichser","18":"first","19":"instock","20":"sale","21":"taxable","22":"shipping-taxable","23":"purchasable","24":"product-type-simple"},"acf":[],"_links":{"self":[{"href":"https:\/\/www.xn--das-anhngerzentrum-rtb.at\/sl\/wp-json\/wp\/v2\/product\/85481","targetHints":{"allow":["GET"]}}],"collection":[{"href":"https:\/\/www.xn--das-anhngerzentrum-rtb.at\/sl\/wp-json\/wp\/v2\/product"}],"about":[{"href":"https:\/\/www.xn--das-anhngerzentrum-rtb.at\/sl\/wp-json\/wp\/v2\/types\/product"}],"version-history":[{"count":0,"href":"https:\/\/www.xn--das-anhngerzentrum-rtb.at\/sl\/wp-json\/wp\/v2\/product\/85481\/revisions"}],"wp:featuredmedia":[{"embeddable":true,"href":"https:\/\/www.xn--das-anhngerzentrum-rtb.at\/sl\/wp-json\/wp\/v2\/media\/95317"}],"wp:attachment":[{"href":"https:\/\/www.xn--das-anhngerzentrum-rtb.at\/sl\/wp-json\/wp\/v2\/media?parent=85481"}],"wp:term":[{"taxonomy":"product_brand","embeddable":true,"href":"https:\/\/www.xn--das-anhngerzentrum-rtb.at\/sl\/wp-json\/wp\/v2\/product_brand?post=85481"},{"taxonomy":"product_cat","embeddable":true,"href":"https:\/\/www.xn--das-anhngerzentrum-rtb.at\/sl\/wp-json\/wp\/v2\/product_cat?post=85481"},{"taxonomy":"product_tag","embeddable":true,"href":"https:\/\/www.xn--das-anhngerzentrum-rtb.at\/sl\/wp-json\/wp\/v2\/product_tag?post=85481"}],"curies":[{"name":"delovni list","href":"https:\/\/api.w.org\/{rel}","templated":true}]}}